{"id":52,"date":"2018-07-16T11:23:51","date_gmt":"2018-07-16T11:23:51","guid":{"rendered":"http:\/\/amigovios.com\/blog\/?page_id=52"},"modified":"2022-08-08T10:13:09","modified_gmt":"2022-08-08T10:13:09","slug":"pagina-principal","status":"publish","type":"page","link":"https:\/\/amigovios.com\/blog\/","title":{"rendered":"El blog de Amigovios"},"content":{"rendered":"<p><span style=\"width: 100%;\"><a href=\"https:\/\/amigovios.com\/blog\/\"><img loading=\"lazy\" decoding=\"async\" alt=\"\" width=\"295\" height=\"83\" title=\"amigovios\" data-id=\"12\" src=\"\/\/amigovios.com\/blog\/wp-content\/uploads\/2018\/06\/amigovios.png\" style=\"\"><span><\/span><\/a><\/span><\/p>\n<h1><span><em><span>Descubre como encontrar la aventura<\/span><\/em><\/span><span><em><span>que estas deseando<\/span><\/em><\/span><\/h1>\n<h1><span><span><\/span><\/span><\/h1>\n<p style=\"text-align: left;\"><span><span><\/span><\/span><\/p>\n<h1 style=\"text-align: center;\"><span><span>&nbsp;\u00daltimos<\/span><\/span><span><span><\/span><\/span><span><span><em>&nbsp;Posts<\/em><\/span><\/span><\/h1>\n<h1 style=\"text-align: center;\"><span><span>Lo que opinan nuestros&nbsp;<span><em>usuarios<\/em><\/span><\/span><\/span><\/h1>\n<h1><em>&#8220;<\/em><\/h1>\n<p>Conoc\u00ed Amigovios de casualidad y no ten\u00eda mucha confianza, pero reconozco tengo muchas dificultades para ligar en persona, as\u00ed que me apunt\u00e9. La verdad <span style=\"color: rgb(255, 255, 255);\">es que no puedo estar m\u00e1s contento.<\/span><\/p>\n<p><span style=\"color: rgb(255, 255, 255);\">En 3 meses he conocido a seis mujeres y con una de ellas tengo una relaci\u00f3n realmente especial. <\/span><\/p>\n<p><strong> <\/strong><\/p>\n<p style=\"text-align: left;\"><span style=\"font-family: &quot;Playfair Display&quot;; font-weight: 400;\"><strong><em><span style=\"font-size: 20px;\">Victor Rodriguez&nbsp;<\/span><\/em><\/strong><\/span><\/p>\n<p style=\"text-align: left;\"><span style=\"font-family: &quot;Playfair Display&quot;; font-weight: 400;\"><strong><em><span style=\"font-size: 20px;\"><\/span><\/em><\/strong><\/span><span style=\"font-family: &quot;Playfair Display&quot;; font-weight: 400;\"><strong><em><span style=\"color: rgb(249, 239, 237);\">\/&nbsp;<\/span><\/em><\/strong><\/span><span style=\"font-family: Hind; font-weight: 400; font-size: 18px; color: rgb(249, 239, 237);\">Blogger<\/span><\/p>\n<h1><em>&#8220;<\/em><\/h1>\n<p>Desde que estoy en Amigovios mi vida ha cambiado radicalmente. Ahora mi problema no es la falta de hombres sino como gestionar todos los mensajes que me llegan sin ofender a ninguno.&nbsp;<\/p>\n<p>Y es que tengo que rechazar a alguien todos los d\u00edas!<\/p>\n<p style=\"text-align: left;\"><span style=\"font-family: &quot;Playfair Display&quot;; font-weight: 400;\"><strong><em><span style=\"font-size: 20px;\">Estela Zamora<\/span> <\/em><\/strong><\/span><span style=\"font-family: &quot;Playfair Display&quot;; font-weight: 400;\"><strong><em><\/em><\/strong><\/span><span style=\"font-family: &quot;Playfair Display&quot;; font-weight: 400;\"><strong><em><span style=\"color: rgb(249, 239, 237);\">\/&nbsp;<\/span><\/em><\/strong><\/span><span style=\"font-family: Hind; font-weight: 400; font-size: 18px; color: rgb(249, 239, 237);\">Azafata<\/span><\/p>\n<h1><em>&#8220;<\/em><\/h1>\n<p>Me lo dijo un amigo de DF y no me lo cre\u00eda. Me dijo que me pagaba un m\u00e9s y si no ligaba en ese mes me pagaba un a\u00f1o entero. Pero que si conoc\u00eda a alguien se lo pagaba yo. Acept\u00e9 la apuesta y perd\u00ed. Ahora soy &#8220;El Sancho&#8221;.<\/p>\n<p style=\"text-align: left;\"><span style=\"font-family: &quot;Playfair Display&quot;; font-weight: 400;\"><strong><em><span style=\"font-size: 20px;\">Carlos Magallanes<\/span><\/em><\/strong><\/span><span style=\"font-family: &quot;Playfair Display&quot;; font-weight: 400;\"><strong><em><span style=\"color: rgb(249, 239, 237);\">\/&nbsp;<\/span><\/em><\/strong><\/span><span style=\"font-family: Hind; font-weight: 400; font-size: 18px; color: rgb(249, 239, 237);\">&nbsp;Constructor<\/span><\/p>\n<p><span style=\"width: 100%;\"><img loading=\"lazy\" decoding=\"async\" alt=\"Conocer gente y ligar en amigovios\" title=\"Estela usuaria amigovios\" data-id=\"162\" src=\"\/\/amigovios.com\/blog\/wp-content\/uploads\/2018\/07\/Estela-usuaria-amigovios.jpg\" width=\"443\" height=\"642\" style=\"\"><\/span><\/p>\n<h1><span><span>Lucia Casado<\/span><\/span><\/h1>\n<p>En Amigovios blog espero poder aportar consejos y trucos \u00fatiles a todos los hombres y mujeres que est\u00e1n deseando encontrar la pasi\u00f3n con una nueva aventura amorosa.<\/p>\n<p>He aprendido mucho sobre las relaciones y la sexualidad viajando por Mexico. Estar a gusto con nuestro cuerpo es vital para disfrutar de la vida.&nbsp;<\/p>\n<h1><span><span>Registrate ahora<\/span><\/span><\/h1>\n<p style=\"text-align: left;\"><span><span>y consigue acceso instant\u00e1neo a tu<\/span> Gu\u00eda de Amigovios gratuita<\/span><\/p>\n<p><span style=\"width: 100%;\"><img loading=\"lazy\" decoding=\"async\" alt=\"\" title=\"guia para ligar en amigovios\" data-id=\"200\" src=\"\/\/amigovios.com\/blog\/wp-content\/uploads\/2018\/09\/guia-para-ligar-en-amigovios-1.jpg\" style=\"\" width=\"496\" height=\"702\"><\/span><\/p>\n","protected":false},"excerpt":{"rendered":"<p>Descubre como encontrar la aventuraque estas deseando &nbsp;\u00daltimos&nbsp;Posts Lo que opinan nuestros&nbsp;usuarios &#8220; Conoc\u00ed Amigovios de casualidad y no ten\u00eda mucha confianza, pero reconozco tengo muchas dificultades para ligar en persona, as\u00ed que me apunt\u00e9. La verdad es que no puedo estar m\u00e1s contento. En 3 meses he conocido a seis mujeres y con una [&hellip;]<\/p>\n","protected":false},"author":1,"featured_media":0,"parent":0,"menu_order":0,"comment_status":"closed","ping_status":"closed","template":"","meta":{"footnotes":""},"class_list":["post-52","page","type-page","status-publish","hentry"],"yoast_head":"<!-- This site is optimized with the Yoast SEO plugin v24.4 - https:\/\/yoast.com\/wordpress\/plugins\/seo\/ -->\n<title>El blog de Amigovios - Amigovios<\/title>\n<meta name=\"robots\" content=\"index, follow, max-snippet:-1, max-image-preview:large, max-video-preview:-1\" \/>\n<link rel=\"canonical\" href=\"https:\/\/amigovios.com\/blog\/\" \/>\n<meta property=\"og:locale\" content=\"es_MX\" \/>\n<meta property=\"og:type\" content=\"article\" \/>\n<meta property=\"og:title\" content=\"El blog de Amigovios - Amigovios\" \/>\n<meta property=\"og:description\" content=\"Descubre como encontrar la aventuraque estas deseando &nbsp;\u00daltimos&nbsp;Posts Lo que opinan nuestros&nbsp;usuarios &#8220; Conoc\u00ed Amigovios de casualidad y no ten\u00eda mucha confianza, pero reconozco tengo muchas dificultades para ligar en persona, as\u00ed que me apunt\u00e9. La verdad es que no puedo estar m\u00e1s contento. En 3 meses he conocido a seis mujeres y con una [&hellip;]\" \/>\n<meta property=\"og:url\" content=\"https:\/\/amigovios.com\/blog\/\" \/>\n<meta property=\"og:site_name\" content=\"Amigovios\" \/>\n<meta property=\"article:modified_time\" content=\"2022-08-08T10:13:09+00:00\" \/>\n<meta name=\"twitter:card\" content=\"summary_large_image\" \/>\n<meta name=\"twitter:label1\" content=\"Tiempo de lectura\" \/>\n\t<meta name=\"twitter:data1\" content=\"1 minuto\" \/>\n<script type=\"application\/ld+json\" class=\"yoast-schema-graph\">{\"@context\":\"https:\/\/schema.org\",\"@graph\":[{\"@type\":\"WebPage\",\"@id\":\"https:\/\/amigovios.com\/blog\/\",\"url\":\"https:\/\/amigovios.com\/blog\/\",\"name\":\"El blog de Amigovios - Amigovios\",\"isPartOf\":{\"@id\":\"https:\/\/amigovios.com\/blog\/#website\"},\"datePublished\":\"2018-07-16T11:23:51+00:00\",\"dateModified\":\"2022-08-08T10:13:09+00:00\",\"breadcrumb\":{\"@id\":\"https:\/\/amigovios.com\/blog\/#breadcrumb\"},\"inLanguage\":\"es\",\"potentialAction\":[{\"@type\":\"ReadAction\",\"target\":[\"https:\/\/amigovios.com\/blog\/\"]}]},{\"@type\":\"BreadcrumbList\",\"@id\":\"https:\/\/amigovios.com\/blog\/#breadcrumb\",\"itemListElement\":[{\"@type\":\"ListItem\",\"position\":1,\"name\":\"Inicio\",\"item\":\"https:\/\/amigovios.com\/blog\/\"},{\"@type\":\"ListItem\",\"position\":2,\"name\":\"El blog de Amigovios\"}]},{\"@type\":\"WebSite\",\"@id\":\"https:\/\/amigovios.com\/blog\/#website\",\"url\":\"https:\/\/amigovios.com\/blog\/\",\"name\":\"Amigovios\",\"description\":\"El blog m\u00e1s exclusivo sobre amigovios\",\"potentialAction\":[{\"@type\":\"SearchAction\",\"target\":{\"@type\":\"EntryPoint\",\"urlTemplate\":\"https:\/\/amigovios.com\/blog\/?s={search_term_string}\"},\"query-input\":{\"@type\":\"PropertyValueSpecification\",\"valueRequired\":true,\"valueName\":\"search_term_string\"}}],\"inLanguage\":\"es\"}]}<\/script>\n<!-- \/ Yoast SEO plugin. -->","yoast_head_json":{"title":"El blog de Amigovios - Amigovios","robots":{"index":"index","follow":"follow","max-snippet":"max-snippet:-1","max-image-preview":"max-image-preview:large","max-video-preview":"max-video-preview:-1"},"canonical":"https:\/\/amigovios.com\/blog\/","og_locale":"es_MX","og_type":"article","og_title":"El blog de Amigovios - Amigovios","og_description":"Descubre como encontrar la aventuraque estas deseando &nbsp;\u00daltimos&nbsp;Posts Lo que opinan nuestros&nbsp;usuarios &#8220; Conoc\u00ed Amigovios de casualidad y no ten\u00eda mucha confianza, pero reconozco tengo muchas dificultades para ligar en persona, as\u00ed que me apunt\u00e9. La verdad es que no puedo estar m\u00e1s contento. En 3 meses he conocido a seis mujeres y con una [&hellip;]","og_url":"https:\/\/amigovios.com\/blog\/","og_site_name":"Amigovios","article_modified_time":"2022-08-08T10:13:09+00:00","twitter_card":"summary_large_image","twitter_misc":{"Tiempo de lectura":"1 minuto"},"schema":{"@context":"https:\/\/schema.org","@graph":[{"@type":"WebPage","@id":"https:\/\/amigovios.com\/blog\/","url":"https:\/\/amigovios.com\/blog\/","name":"El blog de Amigovios - Amigovios","isPartOf":{"@id":"https:\/\/amigovios.com\/blog\/#website"},"datePublished":"2018-07-16T11:23:51+00:00","dateModified":"2022-08-08T10:13:09+00:00","breadcrumb":{"@id":"https:\/\/amigovios.com\/blog\/#breadcrumb"},"inLanguage":"es","potentialAction":[{"@type":"ReadAction","target":["https:\/\/amigovios.com\/blog\/"]}]},{"@type":"BreadcrumbList","@id":"https:\/\/amigovios.com\/blog\/#breadcrumb","itemListElement":[{"@type":"ListItem","position":1,"name":"Inicio","item":"https:\/\/amigovios.com\/blog\/"},{"@type":"ListItem","position":2,"name":"El blog de Amigovios"}]},{"@type":"WebSite","@id":"https:\/\/amigovios.com\/blog\/#website","url":"https:\/\/amigovios.com\/blog\/","name":"Amigovios","description":"El blog m\u00e1s exclusivo sobre amigovios","potentialAction":[{"@type":"SearchAction","target":{"@type":"EntryPoint","urlTemplate":"https:\/\/amigovios.com\/blog\/?s={search_term_string}"},"query-input":{"@type":"PropertyValueSpecification","valueRequired":true,"valueName":"search_term_string"}}],"inLanguage":"es"}]}},"_links":{"self":[{"href":"https:\/\/amigovios.com\/blog\/wp-json\/wp\/v2\/pages\/52"}],"collection":[{"href":"https:\/\/amigovios.com\/blog\/wp-json\/wp\/v2\/pages"}],"about":[{"href":"https:\/\/amigovios.com\/blog\/wp-json\/wp\/v2\/types\/page"}],"author":[{"embeddable":true,"href":"https:\/\/amigovios.com\/blog\/wp-json\/wp\/v2\/users\/1"}],"replies":[{"embeddable":true,"href":"https:\/\/amigovios.com\/blog\/wp-json\/wp\/v2\/comments?post=52"}],"version-history":[{"count":105,"href":"https:\/\/amigovios.com\/blog\/wp-json\/wp\/v2\/pages\/52\/revisions"}],"predecessor-version":[{"id":543,"href":"https:\/\/amigovios.com\/blog\/wp-json\/wp\/v2\/pages\/52\/revisions\/543"}],"wp:attachment":[{"href":"https:\/\/amigovios.com\/blog\/wp-json\/wp\/v2\/media?parent=52"}],"curies":[{"name":"wp","href":"https:\/\/api.w.org\/{rel}","templated":true}]}}